{"id":1837,"date":"2025-12-09T16:05:00","date_gmt":"2025-12-09T16:05:00","guid":{"rendered":"http:\/\/jjpjgej.cluster100.hosting.ovh.net\/?page_id=1837"},"modified":"2026-02-27T14:07:17","modified_gmt":"2026-02-27T14:07:17","slug":"nos-services","status":"publish","type":"page","link":"https:\/\/www.batboxdesign.com\/?page_id=1837","title":{"rendered":"Nos services"},"content":{"rendered":"\t\t<div data-elementor-type=\"wp-page\" data-elementor-id=\"1837\" class=\"elementor elementor-1837\">\n\t\t\t\t<div class=\"elementor-element elementor-element-te8cqpl e-flex e-con-boxed e-con e-parent\" data-id=\"te8cqpl\" data-element_type=\"container\" data-settings=\"{&quot;background_background&quot;:&quot;classic&quot;}\">\n\t\t\t\t\t<div class=\"e-con-inner\">\n\t\t<div class=\"elementor-element elementor-element-05ba369 e-con-full e-flex e-con e-child\" data-id=\"05ba369\" data-element_type=\"container\">\n\t\t\t\t<div class=\"elementor-element elementor-element-5117318 elementor-widget elementor-widget-spacer\" data-id=\"5117318\" data-element_type=\"widget\" data-widget_type=\"spacer.default\">\n\t\t\t\t<div class=\"elementor-widget-container\">\n\t\t\t\t\t\t\t<div class=\"elementor-spacer\">\n\t\t\t<div class=\"elementor-spacer-inner\"><\/div>\n\t\t<\/div>\n\t\t\t\t\t\t<\/div>\n\t\t\t\t<\/div>\n\t\t\t\t<div class=\"elementor-element elementor-element-936a3d8 elementor-widget elementor-widget-heading\" data-id=\"936a3d8\" data-element_type=\"widget\" data-widget_type=\"heading.default\">\n\t\t\t\t<div class=\"elementor-widget-container\">\n\t\t\t\t\t<h1 class=\"elementor-heading-title elementor-size-default\">nos services<\/h1>\t\t\t\t<\/div>\n\t\t\t\t<\/div>\n\t\t\t\t<\/div>\n\t\t\t\t\t<\/div>\n\t\t\t\t<\/div>\n\t\t<div class=\"elementor-element elementor-element-ws2r7wb e-flex e-con-boxed e-con e-parent\" data-id=\"ws2r7wb\" data-element_type=\"container\">\n\t\t\t\t\t<div class=\"e-con-inner\">\n\t\t<div class=\"elementor-element elementor-element-e5856a5 e-con-full e-flex e-con e-child\" data-id=\"e5856a5\" data-element_type=\"container\">\n\t\t\t\t<div class=\"elementor-element elementor-element-b51a198 elementor-widget elementor-widget-hfe-infocard\" data-id=\"b51a198\" data-element_type=\"widget\" data-widget_type=\"hfe-infocard.default\">\n\t\t\t\t<div class=\"elementor-widget-container\">\n\t\t\t\t\t\n\t\t<div class=\"hfe-infocard\">\n\t\t\t\t\t\t\t\t\t<div class=\"hfe-infocard-title-wrap\">\n\t\t\t\t<h2 class=\"hfe-infocard-title elementor-inline-editing\" data-elementor-setting-key=\"infocard_title\" data-elementor-inline-editing-toolbar=\"basic\" >Une approche globale<\/h2>\t\t\t<\/div>\n\t\t\t\t\t\t<div class=\"hfe-infocard-text-wrap\">\n\t\t\t\t<div class=\"hfe-infocard-text elementor-inline-editing\" data-elementor-setting-key=\"infocard_description\" data-elementor-inline-editing-toolbar=\"advanced\">\n\t\t\t\t\tUne approche globale de la r\u00e9novation et de l\u2019am\u00e9nagement\nBATBOX accompagne vos projets de r\u00e9novation et d\u2019am\u00e9nagement, en int\u00e9rieur comme en ext\u00e9rieur.\nNotre approche repose sur trois piliers essentiels : la ma\u00eetrise technique, une r\u00e9flexion esth\u00e9tique sur mesure et une coordination rigoureuse des interventions.\t\t\t\t<\/div>\n\t\t\t\t\t\t\t<\/div>\n\t\t<\/div>\n\n\t\t\t\t\t\t<\/div>\n\t\t\t\t<\/div>\n\t\t\t\t<\/div>\n\t\t<div class=\"elementor-element elementor-element-52da0ea e-con-full e-flex e-con e-child\" data-id=\"52da0ea\" data-element_type=\"container\">\n\t\t\t\t<div class=\"elementor-element elementor-element-5ee262f elementor-widget elementor-widget-image\" data-id=\"5ee262f\" data-element_type=\"widget\" data-widget_type=\"image.default\">\n\t\t\t\t<div class=\"elementor-widget-container\">\n\t\t\t\t\t\t\t\t\t\t\t\t\t\t\t<img fetchpriority=\"high\" decoding=\"async\" width=\"1024\" height=\"683\" src=\"https:\/\/www.batboxdesign.com\/wp-content\/uploads\/2026\/02\/AdobeStock_282665805-1024x683.jpeg\" class=\"attachment-large size-large wp-image-2097\" alt=\"AdobeStock 282665805 1024x683\" srcset=\"https:\/\/www.batboxdesign.com\/wp-content\/uploads\/2026\/02\/AdobeStock_282665805-1024x683.jpeg 1024w, https:\/\/www.batboxdesign.com\/wp-content\/uploads\/2026\/02\/AdobeStock_282665805-300x200.jpeg 300w, https:\/\/www.batboxdesign.com\/wp-content\/uploads\/2026\/02\/AdobeStock_282665805-768x512.jpeg 768w, https:\/\/www.batboxdesign.com\/wp-content\/uploads\/2026\/02\/AdobeStock_282665805-1536x1024.jpeg 1536w, https:\/\/www.batboxdesign.com\/wp-content\/uploads\/2026\/02\/AdobeStock_282665805-2048x1365.jpeg 2048w\" sizes=\"(max-width: 1024px) 100vw, 1024px\" title=\"Nos services\">\t\t\t\t\t\t\t\t\t\t\t\t\t\t\t<\/div>\n\t\t\t\t<\/div>\n\t\t\t\t<\/div>\n\t\t\t\t\t<\/div>\n\t\t\t\t<\/div>\n\t\t<div class=\"elementor-element elementor-element-ggeh7hs e-flex e-con-boxed e-con e-parent\" data-id=\"ggeh7hs\" data-element_type=\"container\" data-settings=\"{&quot;background_background&quot;:&quot;classic&quot;}\">\n\t\t\t\t\t<div class=\"e-con-inner\">\n\t\t<div class=\"elementor-element elementor-element-37f0b92 e-con-full e-flex e-con e-child\" data-id=\"37f0b92\" data-element_type=\"container\">\n\t\t\t\t<div class=\"elementor-element elementor-element-b82a2ca elementor-widget elementor-widget-image\" data-id=\"b82a2ca\" data-element_type=\"widget\" data-widget_type=\"image.default\">\n\t\t\t\t<div class=\"elementor-widget-container\">\n\t\t\t\t\t\t\t\t\t\t\t\t\t\t\t<img decoding=\"async\" width=\"2560\" height=\"1707\" src=\"https:\/\/www.batboxdesign.com\/wp-content\/uploads\/2026\/02\/AdobeStock_488752179-scaled.jpeg\" class=\"attachment-full size-full wp-image-2093\" alt=\"travaux\" srcset=\"https:\/\/www.batboxdesign.com\/wp-content\/uploads\/2026\/02\/AdobeStock_488752179-scaled.jpeg 2560w, https:\/\/www.batboxdesign.com\/wp-content\/uploads\/2026\/02\/AdobeStock_488752179-300x200.jpeg 300w, https:\/\/www.batboxdesign.com\/wp-content\/uploads\/2026\/02\/AdobeStock_488752179-1024x683.jpeg 1024w, https:\/\/www.batboxdesign.com\/wp-content\/uploads\/2026\/02\/AdobeStock_488752179-768x512.jpeg 768w, https:\/\/www.batboxdesign.com\/wp-content\/uploads\/2026\/02\/AdobeStock_488752179-1536x1024.jpeg 1536w, https:\/\/www.batboxdesign.com\/wp-content\/uploads\/2026\/02\/AdobeStock_488752179-2048x1365.jpeg 2048w\" sizes=\"(max-width: 2560px) 100vw, 2560px\" title=\"Nos services\">\t\t\t\t\t\t\t\t\t\t\t\t\t\t\t<\/div>\n\t\t\t\t<\/div>\n\t\t\t\t<div class=\"elementor-element elementor-element-7d03874 elementor-widget elementor-widget-hfe-infocard\" data-id=\"7d03874\" data-element_type=\"widget\" data-widget_type=\"hfe-infocard.default\">\n\t\t\t\t<div class=\"elementor-widget-container\">\n\t\t\t\t\t\n\t\t<div class=\"hfe-infocard\">\n\t\t\t\t\t\t\t\t\t<div class=\"hfe-infocard-title-wrap\">\n\t\t\t\t<h4 class=\"hfe-infocard-title elementor-inline-editing\" data-elementor-setting-key=\"infocard_title\" data-elementor-inline-editing-toolbar=\"basic\" >Ma\u00eetrise technique<\/h4>\t\t\t<\/div>\n\t\t\t\t\t\t<div class=\"hfe-infocard-text-wrap\">\n\t\t\t\t<div class=\"hfe-infocard-text elementor-inline-editing\" data-elementor-setting-key=\"infocard_description\" data-elementor-inline-editing-toolbar=\"advanced\">\n\t\t\t\t\t<p><span style=\"font-style: inherit\">BATBOX intervient sur l\u2019ensemble des travaux n\u00e9cessaires \u00e0 la r\u00e9novation et \u00e0 l\u2019am\u00e9nagement de vos espaces, int\u00e9rieurs comme ext\u00e9rieurs.<\/span><br><\/p>\n<p>Nous r\u00e9alisons notamment :<\/p>\n<p><br>- R\u00e9novation int\u00e9rieure compl\u00e8te ou partielle (carrelage, placo, peinture, parquet, cuisine, salle de bain...)<\/p>\n<p>- Am\u00e9nagement ext\u00e9rieur (terrasses, espaces ext\u00e9rieurs)<\/p>\n<p>- Installations techniques et structures<br>- Travaux de second \u0153uvre<br>- Cr\u00e9ation d\u2019ouvrages sur mesure<\/p>\n<p><br>Chaque intervention est pens\u00e9e dans le respect des contraintes techniques, de la durabilit\u00e9 des mat\u00e9riaux et de l\u2019usage des lieux.<\/p>\t\t\t\t<\/div>\n\t\t\t\t\t\t\t<\/div>\n\t\t<\/div>\n\n\t\t\t\t\t\t<\/div>\n\t\t\t\t<\/div>\n\t\t\t\t<\/div>\n\t\t<div class=\"elementor-element elementor-element-781bb8f e-con-full e-flex e-con e-child\" data-id=\"781bb8f\" data-element_type=\"container\">\n\t\t\t\t<div class=\"elementor-element elementor-element-f9ec8cb elementor-widget elementor-widget-image\" data-id=\"f9ec8cb\" data-element_type=\"widget\" data-widget_type=\"image.default\">\n\t\t\t\t<div class=\"elementor-widget-container\">\n\t\t\t\t\t\t\t\t\t\t\t\t\t\t\t<img decoding=\"async\" width=\"2560\" height=\"1707\" src=\"https:\/\/www.batboxdesign.com\/wp-content\/uploads\/2026\/02\/AdobeStock_138103405-scaled.jpeg\" class=\"attachment-full size-full wp-image-2092\" alt=\"design\" srcset=\"https:\/\/www.batboxdesign.com\/wp-content\/uploads\/2026\/02\/AdobeStock_138103405-scaled.jpeg 2560w, https:\/\/www.batboxdesign.com\/wp-content\/uploads\/2026\/02\/AdobeStock_138103405-300x200.jpeg 300w, https:\/\/www.batboxdesign.com\/wp-content\/uploads\/2026\/02\/AdobeStock_138103405-1024x683.jpeg 1024w, https:\/\/www.batboxdesign.com\/wp-content\/uploads\/2026\/02\/AdobeStock_138103405-768x512.jpeg 768w, https:\/\/www.batboxdesign.com\/wp-content\/uploads\/2026\/02\/AdobeStock_138103405-1536x1024.jpeg 1536w, https:\/\/www.batboxdesign.com\/wp-content\/uploads\/2026\/02\/AdobeStock_138103405-2048x1365.jpeg 2048w\" sizes=\"(max-width: 2560px) 100vw, 2560px\" title=\"Nos services\">\t\t\t\t\t\t\t\t\t\t\t\t\t\t\t<\/div>\n\t\t\t\t<\/div>\n\t\t\t\t<div class=\"elementor-element elementor-element-f1efdb7 elementor-widget elementor-widget-hfe-infocard\" data-id=\"f1efdb7\" data-element_type=\"widget\" data-widget_type=\"hfe-infocard.default\">\n\t\t\t\t<div class=\"elementor-widget-container\">\n\t\t\t\t\t\n\t\t<div class=\"hfe-infocard\">\n\t\t\t\t\t\t\t\t\t<div class=\"hfe-infocard-title-wrap\">\n\t\t\t\t<h4 class=\"hfe-infocard-title elementor-inline-editing\" data-elementor-setting-key=\"infocard_title\" data-elementor-inline-editing-toolbar=\"basic\" >Design &amp; am\u00e9nagement sur mesure<\/h4>\t\t\t<\/div>\n\t\t\t\t\t\t<div class=\"hfe-infocard-text-wrap\">\n\t\t\t\t<div class=\"hfe-infocard-text elementor-inline-editing\" data-elementor-setting-key=\"infocard_description\" data-elementor-inline-editing-toolbar=\"advanced\">\n\t\t\t\t\t<p><span style=\"font-style: inherit\">Chaque projet fait l\u2019objet d\u2019une r\u00e9flexion globale, tenant compte des volumes, de la lumi\u00e8re, des mati\u00e8res et des usages.<\/span><br><\/p>\n<p><br>Notre approche du design vise \u00e0 :<\/p>\n<p><br>- Cr\u00e9er des espaces coh\u00e9rents et fonctionnels<br>- Proposer des solutions adapt\u00e9es \u00e0 votre mode de vie<br>- Valoriser les mat\u00e9riaux et les finitions<br>- Concevoir des am\u00e9nagements uniques et sur mesure<\/p><p><br>Int\u00e9rieur et ext\u00e9rieur sont pens\u00e9s comme un ensemble harmonieux.<\/p>\t\t\t\t<\/div>\n\t\t\t\t\t\t\t<\/div>\n\t\t<\/div>\n\n\t\t\t\t\t\t<\/div>\n\t\t\t\t<\/div>\n\t\t\t\t<\/div>\n\t\t<div class=\"elementor-element elementor-element-bd4315a e-con-full e-flex e-con e-child\" data-id=\"bd4315a\" data-element_type=\"container\">\n\t\t\t\t<div class=\"elementor-element elementor-element-e34e69c elementor-widget elementor-widget-image\" data-id=\"e34e69c\" data-element_type=\"widget\" data-widget_type=\"image.default\">\n\t\t\t\t<div class=\"elementor-widget-container\">\n\t\t\t\t\t\t\t\t\t\t\t\t\t\t\t<img loading=\"lazy\" decoding=\"async\" width=\"2560\" height=\"1708\" src=\"https:\/\/www.batboxdesign.com\/wp-content\/uploads\/2026\/02\/AdobeStock_399549288-scaled.jpeg\" class=\"attachment-full size-full wp-image-2091\" alt=\"coordination\" srcset=\"https:\/\/www.batboxdesign.com\/wp-content\/uploads\/2026\/02\/AdobeStock_399549288-scaled.jpeg 2560w, https:\/\/www.batboxdesign.com\/wp-content\/uploads\/2026\/02\/AdobeStock_399549288-300x200.jpeg 300w, https:\/\/www.batboxdesign.com\/wp-content\/uploads\/2026\/02\/AdobeStock_399549288-1024x683.jpeg 1024w, https:\/\/www.batboxdesign.com\/wp-content\/uploads\/2026\/02\/AdobeStock_399549288-768x512.jpeg 768w, https:\/\/www.batboxdesign.com\/wp-content\/uploads\/2026\/02\/AdobeStock_399549288-1536x1025.jpeg 1536w, https:\/\/www.batboxdesign.com\/wp-content\/uploads\/2026\/02\/AdobeStock_399549288-2048x1366.jpeg 2048w\" sizes=\"(max-width: 2560px) 100vw, 2560px\" title=\"Nos services\">\t\t\t\t\t\t\t\t\t\t\t\t\t\t\t<\/div>\n\t\t\t\t<\/div>\n\t\t\t\t<div class=\"elementor-element elementor-element-0a5dc9e elementor-widget elementor-widget-hfe-infocard\" data-id=\"0a5dc9e\" data-element_type=\"widget\" data-widget_type=\"hfe-infocard.default\">\n\t\t\t\t<div class=\"elementor-widget-container\">\n\t\t\t\t\t\n\t\t<div class=\"hfe-infocard\">\n\t\t\t\t\t\t\t\t\t<div class=\"hfe-infocard-title-wrap\">\n\t\t\t\t<h4 class=\"hfe-infocard-title elementor-inline-editing\" data-elementor-setting-key=\"infocard_title\" data-elementor-inline-editing-toolbar=\"basic\" >Coordination &amp; suivi<\/h4>\t\t\t<\/div>\n\t\t\t\t\t\t<div class=\"hfe-infocard-text-wrap\">\n\t\t\t\t<div class=\"hfe-infocard-text elementor-inline-editing\" data-elementor-setting-key=\"infocard_description\" data-elementor-inline-editing-toolbar=\"advanced\">\n\t\t\t\t\t<p>BATBOX assure la coordination des diff\u00e9rents corps de m\u00e9tiers intervenant sur votre chantier :<\/p><p><br>\n- \u00c9lectricit\u00e9<br>\n- Plomberie<br>\n- Menuiserie<br>\n- Rev\u00eatements<\/p><p><br><\/p>\n<p>Nous veillons \u00e0 la bonne organisation des \u00e9tapes, au respect du planning et \u00e0 la qualit\u00e9 d\u2019ex\u00e9cution.<\/p><p><br>\nVous b\u00e9n\u00e9ficiez ainsi d\u2019un interlocuteur unique et d\u2019un suivi rigoureux, du premier \u00e9change jusqu\u2019\u00e0 la livraison du projet.<\/p>\t\t\t\t<\/div>\n\t\t\t\t\t\t\t<\/div>\n\t\t<\/div>\n\n\t\t\t\t\t\t<\/div>\n\t\t\t\t<\/div>\n\t\t\t\t<\/div>\n\t\t\t\t\t<\/div>\n\t\t\t\t<\/div>\n\t\t<div class=\"elementor-element elementor-element-dsb0v1o e-flex e-con-boxed e-con e-parent\" data-id=\"dsb0v1o\" data-element_type=\"container\" data-settings=\"{&quot;background_background&quot;:&quot;classic&quot;}\">\n\t\t\t\t\t<div class=\"e-con-inner\">\n\t\t<div class=\"elementor-element elementor-element-e29a3fa e-con-full e-flex e-con e-child\" data-id=\"e29a3fa\" data-element_type=\"container\">\n\t\t\t\t<div class=\"elementor-element elementor-element-f180ac4 elementor-widget elementor-widget-hfe-infocard\" data-id=\"f180ac4\" data-element_type=\"widget\" data-widget_type=\"hfe-infocard.default\">\n\t\t\t\t<div class=\"elementor-widget-container\">\n\t\t\t\t\t\n\t\t<div class=\"hfe-infocard\">\n\t\t\t\t\t\t\t\t\t<div class=\"hfe-infocard-title-wrap\">\n\t\t\t\t<h2 class=\"hfe-infocard-title elementor-inline-editing\" data-elementor-setting-key=\"infocard_title\" data-elementor-inline-editing-toolbar=\"basic\" >Donnez vie \u00e0 votre projet<\/h2>\t\t\t<\/div>\n\t\t\t\t\t\t<div class=\"hfe-infocard-text-wrap\">\n\t\t\t\t<div class=\"hfe-infocard-text elementor-inline-editing\" data-elementor-setting-key=\"infocard_description\" data-elementor-inline-editing-toolbar=\"advanced\">\n\t\t\t\t\tChaque projet commence par une discussion. Parlons du v\u00f4tre.\t\t\t\t<\/div>\n\t\t\t\t\t\t\t<\/div>\n\t\t<\/div>\n\n\t\t\t\t\t\t<\/div>\n\t\t\t\t<\/div>\n\t\t\t\t<div class=\"elementor-element elementor-element-df5213e elementor-align-center elementor-widget elementor-widget-button\" data-id=\"df5213e\" data-element_type=\"widget\" data-widget_type=\"button.default\">\n\t\t\t\t<div class=\"elementor-widget-container\">\n\t\t\t\t\t\t\t\t\t<div class=\"elementor-button-wrapper\">\n\t\t\t\t\t<a class=\"elementor-button elementor-button-link elementor-size-sm\" href=\"http:\/\/jjpjgej.cluster100.hosting.ovh.net\/nous-contacter\/\">\n\t\t\t\t\t\t<span class=\"elementor-button-content-wrapper\">\n\t\t\t\t\t\t\t\t\t<span class=\"elementor-button-text\">Demander un devis<\/span>\n\t\t\t\t\t<\/span>\n\t\t\t\t\t<\/a>\n\t\t\t\t<\/div>\n\t\t\t\t\t\t\t\t<\/div>\n\t\t\t\t<\/div>\n\t\t\t\t<\/div>\n\t\t\t\t\t<\/div>\n\t\t\t\t<\/div>\n\t\t\t\t<\/div>\n\t\t","protected":false},"excerpt":{"rendered":"<p>nos services Une approche globale Une approche globale de la r\u00e9novation et de l\u2019am\u00e9nagement BATBOX accompagne vos projets de r\u00e9novation et d\u2019am\u00e9nagement, en int\u00e9rieur comme en ext\u00e9rieur. Notre approche repose sur trois piliers essentiels : la ma\u00eetrise technique, une r\u00e9flexion esth\u00e9tique sur mesure et une coordination rigoureuse des interventions. Ma\u00eetrise technique BATBOX intervient sur l\u2019ensemble [&hellip;]<\/p>\n","protected":false},"author":1,"featured_media":0,"parent":0,"menu_order":0,"comment_status":"closed","ping_status":"closed","template":"","meta":{"site-sidebar-layout":"no-sidebar","site-content-layout":"page-builder","ast-site-content-layout":"full-width-container","site-content-style":"default","site-sidebar-style":"default","ast-global-header-display":"","ast-banner-title-visibility":"","ast-main-header-display":"","ast-hfb-above-header-display":"","ast-hfb-below-header-display":"","ast-hfb-mobile-header-display":"","site-post-title":"disabled","ast-breadcrumbs-content":"","ast-featured-img":"disabled","footer-sml-layout":"","ast-disable-related-posts":"","theme-transparent-header-meta":"","adv-header-id-meta":"","stick-header-meta":"","header-above-stick-meta":"","header-main-stick-meta":"","header-below-stick-meta":"","astra-migrate-meta-layouts":"set","ast-page-background-enabled":"default","ast-page-background-meta":{"desktop":{"background-color":"var(--ast-global-color-4)","background-image":"","background-repeat":"repeat","background-position":"center center","background-size":"auto","background-attachment":"scroll","background-type":"","background-media":"","overlay-type":"","overlay-color":"","overlay-opacity":"","overlay-gradient":""},"tablet":{"background-color":"","background-image":"","background-repeat":"repeat","background-position":"center center","background-size":"auto","background-attachment":"scroll","background-type":"","background-media":"","overlay-type":"","overlay-color":"","overlay-opacity":"","overlay-gradient":""},"mobile":{"background-color":"","background-image":"","background-repeat":"repeat","background-position":"center center","background-size":"auto","background-attachment":"scroll","background-type":"","background-media":"","overlay-type":"","overlay-color":"","overlay-opacity":"","overlay-gradient":""}},"ast-content-background-meta":{"desktop":{"background-color":"var(--ast-global-color-5)","background-image":"","background-repeat":"repeat","background-position":"center center","background-size":"auto","background-attachment":"scroll","background-type":"","background-media":"","overlay-type":"","overlay-color":"","overlay-opacity":"","overlay-gradient":""},"tablet":{"background-color":"var(--ast-global-color-5)","background-image":"","background-repeat":"repeat","background-position":"center center","background-size":"auto","background-attachment":"scroll","background-type":"","background-media":"","overlay-type":"","overlay-color":"","overlay-opacity":"","overlay-gradient":""},"mobile":{"background-color":"var(--ast-global-color-5)","background-image":"","background-repeat":"repeat","background-position":"center center","background-size":"auto","background-attachment":"scroll","background-type":"","background-media":"","overlay-type":"","overlay-color":"","overlay-opacity":"","overlay-gradient":""}},"footnotes":""},"class_list":["post-1837","page","type-page","status-publish","hentry"],"_links":{"self":[{"href":"https:\/\/www.batboxdesign.com\/index.php?rest_route=\/wp\/v2\/pages\/1837","targetHints":{"allow":["GET"]}}],"collection":[{"href":"https:\/\/www.batboxdesign.com\/index.php?rest_route=\/wp\/v2\/pages"}],"about":[{"href":"https:\/\/www.batboxdesign.com\/index.php?rest_route=\/wp\/v2\/types\/page"}],"author":[{"embeddable":true,"href":"https:\/\/www.batboxdesign.com\/index.php?rest_route=\/wp\/v2\/users\/1"}],"replies":[{"embeddable":true,"href":"https:\/\/www.batboxdesign.com\/index.php?rest_route=%2Fwp%2Fv2%2Fcomments&post=1837"}],"version-history":[{"count":19,"href":"https:\/\/www.batboxdesign.com\/index.php?rest_route=\/wp\/v2\/pages\/1837\/revisions"}],"predecessor-version":[{"id":2170,"href":"https:\/\/www.batboxdesign.com\/index.php?rest_route=\/wp\/v2\/pages\/1837\/revisions\/2170"}],"wp:attachment":[{"href":"https:\/\/www.batboxdesign.com\/index.php?rest_route=%2Fwp%2Fv2%2Fmedia&parent=1837"}],"curies":[{"name":"wp","href":"https:\/\/api.w.org\/{rel}","templated":true}]}}