{"id":1839,"date":"2025-12-09T16:05:16","date_gmt":"2025-12-09T16:05:16","guid":{"rendered":"http:\/\/jjpjgej.cluster100.hosting.ovh.net\/?page_id=1839"},"modified":"2026-02-27T14:05:08","modified_gmt":"2026-02-27T14:05:08","slug":"nos-realisations","status":"publish","type":"page","link":"https:\/\/www.batboxdesign.com\/?page_id=1839","title":{"rendered":"Nos r\u00e9alisations"},"content":{"rendered":"\t\t<div data-elementor-type=\"wp-page\" data-elementor-id=\"1839\" class=\"elementor elementor-1839\">\n\t\t\t\t<div class=\"elementor-element elementor-element-pmouer3 e-flex e-con-boxed e-con e-parent\" data-id=\"pmouer3\" data-element_type=\"container\" data-settings=\"{&quot;background_background&quot;:&quot;classic&quot;}\">\n\t\t\t\t\t<div class=\"e-con-inner\">\n\t\t<div class=\"elementor-element elementor-element-0c73a23 e-con-full e-flex e-con e-child\" data-id=\"0c73a23\" data-element_type=\"container\">\n\t\t\t\t<div class=\"elementor-element elementor-element-e3ee3a0 elementor-widget elementor-widget-heading\" data-id=\"e3ee3a0\" data-element_type=\"widget\" data-widget_type=\"heading.default\">\n\t\t\t\t<div class=\"elementor-widget-container\">\n\t\t\t\t\t<h1 class=\"elementor-heading-title elementor-size-default\">Nos R\u00e9alisations<\/h1>\t\t\t\t<\/div>\n\t\t\t\t<\/div>\n\t\t\t\t<\/div>\n\t\t\t\t\t<\/div>\n\t\t\t\t<\/div>\n\t\t<div class=\"elementor-element elementor-element-h9lk2rd e-flex e-con-boxed e-con e-parent\" data-id=\"h9lk2rd\" data-element_type=\"container\">\n\t\t\t\t\t<div class=\"e-con-inner\">\n\t\t<div class=\"elementor-element elementor-element-56a4564 e-con-full e-flex e-con e-child\" data-id=\"56a4564\" data-element_type=\"container\">\n\t\t\t\t<div class=\"elementor-element elementor-element-f08356f elementor-widget elementor-widget-hfe-infocard\" data-id=\"f08356f\" data-element_type=\"widget\" data-widget_type=\"hfe-infocard.default\">\n\t\t\t\t<div class=\"elementor-widget-container\">\n\t\t\t\t\t\n\t\t<div class=\"hfe-infocard\">\n\t\t\t\t\t\t\t\t\t<div class=\"hfe-infocard-title-wrap\">\n\t\t\t\t<h3 class=\"hfe-infocard-title elementor-inline-editing\" data-elementor-setting-key=\"infocard_title\" data-elementor-inline-editing-toolbar=\"basic\" >Salle de bain \u2014 Bois brut &amp; pierre<\/h3>\t\t\t<\/div>\n\t\t\t\t\t\t<div class=\"hfe-infocard-text-wrap\">\n\t\t\t\t<div class=\"hfe-infocard-text elementor-inline-editing\" data-elementor-setting-key=\"infocard_description\" data-elementor-inline-editing-toolbar=\"advanced\">\n\t\t\t\t\tCette salle de bain a \u00e9t\u00e9 pens\u00e9e autour de mat\u00e9riaux naturels et durables.\nLe bois brut apporte chaleur et authenticit\u00e9, tandis que la vasque en pierre cr\u00e9e un contraste min\u00e9ral fort.\nL\u2019ensemble compose un espace \u00e0 la fois fonctionnel et apaisant, o\u00f9 les mati\u00e8res jouent un r\u00f4le central.\t\t\t\t<\/div>\n\t\t\t\t\t\t\t<\/div>\n\t\t<\/div>\n\n\t\t\t\t\t\t<\/div>\n\t\t\t\t<\/div>\n\t\t\t\t<\/div>\n\t\t<div class=\"elementor-element elementor-element-dffccf7 e-con-full e-flex e-con e-child\" data-id=\"dffccf7\" data-element_type=\"container\">\n\t\t\t\t<div class=\"elementor-element elementor-element-a48b651 elementor-widget elementor-widget-image\" data-id=\"a48b651\" data-element_type=\"widget\" data-widget_type=\"image.default\">\n\t\t\t\t<div class=\"elementor-widget-container\">\n\t\t\t\t\t\t\t\t\t\t\t\t\t\t\t<img fetchpriority=\"high\" decoding=\"async\" width=\"1801\" height=\"2560\" src=\"https:\/\/www.batboxdesign.com\/wp-content\/uploads\/2026\/02\/renovation-salle-de-bain-bois-pierre-naturelle-scaled.jpg\" class=\"attachment-full size-full wp-image-2151\" alt=\"renovation salle de bain bois pierre naturelle\" srcset=\"https:\/\/www.batboxdesign.com\/wp-content\/uploads\/2026\/02\/renovation-salle-de-bain-bois-pierre-naturelle-scaled.jpg 1801w, https:\/\/www.batboxdesign.com\/wp-content\/uploads\/2026\/02\/renovation-salle-de-bain-bois-pierre-naturelle-211x300.jpg 211w, https:\/\/www.batboxdesign.com\/wp-content\/uploads\/2026\/02\/renovation-salle-de-bain-bois-pierre-naturelle-720x1024.jpg 720w, https:\/\/www.batboxdesign.com\/wp-content\/uploads\/2026\/02\/renovation-salle-de-bain-bois-pierre-naturelle-768x1092.jpg 768w, https:\/\/www.batboxdesign.com\/wp-content\/uploads\/2026\/02\/renovation-salle-de-bain-bois-pierre-naturelle-1081x1536.jpg 1081w, https:\/\/www.batboxdesign.com\/wp-content\/uploads\/2026\/02\/renovation-salle-de-bain-bois-pierre-naturelle-1441x2048.jpg 1441w\" sizes=\"(max-width: 1801px) 100vw, 1801px\" title=\"Nos r\u00e9alisations\">\t\t\t\t\t\t\t\t\t\t\t\t\t\t\t<\/div>\n\t\t\t\t<\/div>\n\t\t\t\t<\/div>\n\t\t\t\t\t<\/div>\n\t\t\t\t<\/div>\n\t\t<div class=\"elementor-element elementor-element-7hm3isx e-flex e-con-boxed e-con e-parent\" data-id=\"7hm3isx\" data-element_type=\"container\" data-settings=\"{&quot;background_background&quot;:&quot;classic&quot;}\">\n\t\t\t\t\t<div class=\"e-con-inner\">\n\t\t<div class=\"elementor-element elementor-element-6880e43 e-con-full e-flex e-con e-child\" data-id=\"6880e43\" data-element_type=\"container\">\n\t\t\t\t<div class=\"elementor-element elementor-element-f51149a elementor-widget elementor-widget-image\" data-id=\"f51149a\" data-element_type=\"widget\" data-widget_type=\"image.default\">\n\t\t\t\t<div class=\"elementor-widget-container\">\n\t\t\t\t\t\t\t\t\t\t\t\t\t\t\t<img decoding=\"async\" width=\"768\" height=\"1024\" src=\"https:\/\/www.batboxdesign.com\/wp-content\/uploads\/2026\/01\/1renovation-salle-de-bain-decoration-768x1024.jpg\" class=\"attachment-large size-large wp-image-2031\" alt=\"r\u00e9novation salle de bain d\u00e9coration peinture\" srcset=\"https:\/\/www.batboxdesign.com\/wp-content\/uploads\/2026\/01\/1renovation-salle-de-bain-decoration-768x1024.jpg 768w, https:\/\/www.batboxdesign.com\/wp-content\/uploads\/2026\/01\/1renovation-salle-de-bain-decoration-225x300.jpg 225w, https:\/\/www.batboxdesign.com\/wp-content\/uploads\/2026\/01\/1renovation-salle-de-bain-decoration-1152x1536.jpg 1152w, https:\/\/www.batboxdesign.com\/wp-content\/uploads\/2026\/01\/1renovation-salle-de-bain-decoration-1536x2048.jpg 1536w, https:\/\/www.batboxdesign.com\/wp-content\/uploads\/2026\/01\/1renovation-salle-de-bain-decoration-scaled.jpg 1920w\" sizes=\"(max-width: 768px) 100vw, 768px\" title=\"Nos r\u00e9alisations\">\t\t\t\t\t\t\t\t\t\t\t\t\t\t\t<\/div>\n\t\t\t\t<\/div>\n\t\t\t\t<\/div>\n\t\t<div class=\"elementor-element elementor-element-1d599f0 e-con-full e-flex e-con e-child\" data-id=\"1d599f0\" data-element_type=\"container\">\n\t\t\t\t<div class=\"elementor-element elementor-element-d6643db elementor-widget elementor-widget-hfe-infocard\" data-id=\"d6643db\" data-element_type=\"widget\" data-widget_type=\"hfe-infocard.default\">\n\t\t\t\t<div class=\"elementor-widget-container\">\n\t\t\t\t\t\n\t\t<div class=\"hfe-infocard\">\n\t\t\t\t\t\t\t\t\t<div class=\"hfe-infocard-title-wrap\">\n\t\t\t\t<h3 class=\"hfe-infocard-title elementor-inline-editing\" data-elementor-setting-key=\"infocard_title\" data-elementor-inline-editing-toolbar=\"basic\" >Salle de bain <br>Jeu de g\u00e9om\u00e9trie &amp; peinture<\/h3>\t\t\t<\/div>\n\t\t\t\t\t\t<div class=\"hfe-infocard-text-wrap\">\n\t\t\t\t<div class=\"hfe-infocard-text elementor-inline-editing\" data-elementor-setting-key=\"infocard_description\" data-elementor-inline-editing-toolbar=\"advanced\">\n\t\t\t\t\tCe projet met l\u2019accent sur la composition et les lignes.\nUne peinture circulaire vient dialoguer avec la forme du miroir, cr\u00e9ant un jeu graphique simple et \u00e9l\u00e9gant.\nUne salle de bain pens\u00e9e comme un espace d\u00e9coratif, sans perdre de vue l\u2019usage et la fonctionnalit\u00e9.\t\t\t\t<\/div>\n\t\t\t\t\t\t\t<\/div>\n\t\t<\/div>\n\n\t\t\t\t\t\t<\/div>\n\t\t\t\t<\/div>\n\t\t\t\t<\/div>\n\t\t\t\t\t<\/div>\n\t\t\t\t<\/div>\n\t\t<div class=\"elementor-element elementor-element-kj0yo8o e-flex e-con-boxed e-con e-parent\" data-id=\"kj0yo8o\" data-element_type=\"container\">\n\t\t\t\t\t<div class=\"e-con-inner\">\n\t\t<div class=\"elementor-element elementor-element-47189ec e-con-full e-flex e-con e-child\" data-id=\"47189ec\" data-element_type=\"container\">\n\t\t\t\t<div class=\"elementor-element elementor-element-fc5237a elementor-widget elementor-widget-hfe-infocard\" data-id=\"fc5237a\" data-element_type=\"widget\" data-widget_type=\"hfe-infocard.default\">\n\t\t\t\t<div class=\"elementor-widget-container\">\n\t\t\t\t\t\n\t\t<div class=\"hfe-infocard\">\n\t\t\t\t\t\t\t\t\t<div class=\"hfe-infocard-title-wrap\">\n\t\t\t\t<h3 class=\"hfe-infocard-title elementor-inline-editing\" data-elementor-setting-key=\"infocard_title\" data-elementor-inline-editing-toolbar=\"basic\" >Jardin japonais \u2014 Am\u00e9nagement ext\u00e9rieur<\/h3>\t\t\t<\/div>\n\t\t\t\t\t\t<div class=\"hfe-infocard-text-wrap\">\n\t\t\t\t<div class=\"hfe-infocard-text elementor-inline-editing\" data-elementor-setting-key=\"infocard_description\" data-elementor-inline-editing-toolbar=\"advanced\">\n\t\t\t\t\tAm\u00e9nagement complet d\u2019un jardin d\u2019inspiration japonaise.\nL\u2019espace a \u00e9t\u00e9 con\u00e7u comme un lieu de calme et de contemplation, int\u00e9grant une mare ext\u00e9rieure et une organisation v\u00e9g\u00e9tale ma\u00eetris\u00e9e.\nUn projet o\u00f9 l\u2019ext\u00e9rieur devient un v\u00e9ritable espace de vie, pens\u00e9 dans le d\u00e9tail.\t\t\t\t<\/div>\n\t\t\t\t\t\t\t<\/div>\n\t\t<\/div>\n\n\t\t\t\t\t\t<\/div>\n\t\t\t\t<\/div>\n\t\t\t\t<\/div>\n\t\t<div class=\"elementor-element elementor-element-e0dacc0 e-con-full e-flex e-con e-child\" data-id=\"e0dacc0\" data-element_type=\"container\">\n\t\t\t\t<div class=\"elementor-element elementor-element-e56c3c6 elementor-widget elementor-widget-image\" data-id=\"e56c3c6\" data-element_type=\"widget\" data-widget_type=\"image.default\">\n\t\t\t\t<div class=\"elementor-widget-container\">\n\t\t\t\t\t\t\t\t\t\t\t\t\t\t\t<img decoding=\"async\" width=\"1024\" height=\"768\" src=\"https:\/\/www.batboxdesign.com\/wp-content\/uploads\/2026\/02\/amenagement-jardin-japonais-mare-exterieure-lille-nord-pas-de-calais-1024x768.jpg\" class=\"attachment-large size-large wp-image-2141\" alt=\"amenagement jardin japonais mare exterieure lille nord pas de calais\" srcset=\"https:\/\/www.batboxdesign.com\/wp-content\/uploads\/2026\/02\/amenagement-jardin-japonais-mare-exterieure-lille-nord-pas-de-calais-1024x768.jpg 1024w, https:\/\/www.batboxdesign.com\/wp-content\/uploads\/2026\/02\/amenagement-jardin-japonais-mare-exterieure-lille-nord-pas-de-calais-300x225.jpg 300w, https:\/\/www.batboxdesign.com\/wp-content\/uploads\/2026\/02\/amenagement-jardin-japonais-mare-exterieure-lille-nord-pas-de-calais-768x576.jpg 768w, https:\/\/www.batboxdesign.com\/wp-content\/uploads\/2026\/02\/amenagement-jardin-japonais-mare-exterieure-lille-nord-pas-de-calais-1536x1152.jpg 1536w, https:\/\/www.batboxdesign.com\/wp-content\/uploads\/2026\/02\/amenagement-jardin-japonais-mare-exterieure-lille-nord-pas-de-calais-2048x1536.jpg 2048w\" sizes=\"(max-width: 1024px) 100vw, 1024px\" title=\"Nos r\u00e9alisations\">\t\t\t\t\t\t\t\t\t\t\t\t\t\t\t<\/div>\n\t\t\t\t<\/div>\n\t\t\t\t<\/div>\n\t\t\t\t\t<\/div>\n\t\t\t\t<\/div>\n\t\t<div class=\"elementor-element elementor-element-9db1640 e-flex e-con-boxed e-con e-parent\" data-id=\"9db1640\" data-element_type=\"container\" data-settings=\"{&quot;background_background&quot;:&quot;classic&quot;}\">\n\t\t\t\t\t<div class=\"e-con-inner\">\n\t\t<div class=\"elementor-element elementor-element-5c3bb75 e-con-full e-flex e-con e-child\" data-id=\"5c3bb75\" data-element_type=\"container\">\n\t\t<div class=\"elementor-element elementor-element-f240f5c e-con-full e-flex e-con e-child\" data-id=\"f240f5c\" data-element_type=\"container\">\n\t\t\t\t<div class=\"elementor-element elementor-element-e75f62d elementor-widget elementor-widget-image\" data-id=\"e75f62d\" data-element_type=\"widget\" data-widget_type=\"image.default\">\n\t\t\t\t<div class=\"elementor-widget-container\">\n\t\t\t\t\t\t\t\t\t\t\t\t\t\t\t<img loading=\"lazy\" decoding=\"async\" width=\"768\" height=\"1024\" src=\"https:\/\/www.batboxdesign.com\/wp-content\/uploads\/2026\/02\/terrasse-bois-surelevee-escalier-sur-mesure-lille-768x1024.jpg\" class=\"attachment-large size-large wp-image-2143\" alt=\"terrasse bois surelevee escalier sur mesure lille\" srcset=\"https:\/\/www.batboxdesign.com\/wp-content\/uploads\/2026\/02\/terrasse-bois-surelevee-escalier-sur-mesure-lille-768x1024.jpg 768w, https:\/\/www.batboxdesign.com\/wp-content\/uploads\/2026\/02\/terrasse-bois-surelevee-escalier-sur-mesure-lille-225x300.jpg 225w, https:\/\/www.batboxdesign.com\/wp-content\/uploads\/2026\/02\/terrasse-bois-surelevee-escalier-sur-mesure-lille-1152x1536.jpg 1152w, https:\/\/www.batboxdesign.com\/wp-content\/uploads\/2026\/02\/terrasse-bois-surelevee-escalier-sur-mesure-lille-1536x2048.jpg 1536w, https:\/\/www.batboxdesign.com\/wp-content\/uploads\/2026\/02\/terrasse-bois-surelevee-escalier-sur-mesure-lille-scaled.jpg 1920w\" sizes=\"(max-width: 768px) 100vw, 768px\" title=\"Nos r\u00e9alisations\">\t\t\t\t\t\t\t\t\t\t\t\t\t\t\t<\/div>\n\t\t\t\t<\/div>\n\t\t\t\t<\/div>\n\t\t<div class=\"elementor-element elementor-element-7f8972b e-con-full e-flex e-con e-child\" data-id=\"7f8972b\" data-element_type=\"container\">\n\t\t\t\t<div class=\"elementor-element elementor-element-bf0fc3e elementor-widget elementor-widget-hfe-infocard\" data-id=\"bf0fc3e\" data-element_type=\"widget\" data-widget_type=\"hfe-infocard.default\">\n\t\t\t\t<div class=\"elementor-widget-container\">\n\t\t\t\t\t\n\t\t<div class=\"hfe-infocard\">\n\t\t\t\t\t\t\t\t\t<div class=\"hfe-infocard-title-wrap\">\n\t\t\t\t<h3 class=\"hfe-infocard-title elementor-inline-editing\" data-elementor-setting-key=\"infocard_title\" data-elementor-inline-editing-toolbar=\"basic\" >Terrasse sur\u00e9lev\u00e9e \u2014 Bois &amp; escalier sur mesure<\/h3>\t\t\t<\/div>\n\t\t\t\t\t\t<div class=\"hfe-infocard-text-wrap\">\n\t\t\t\t<div class=\"hfe-infocard-text elementor-inline-editing\" data-elementor-setting-key=\"infocard_description\" data-elementor-inline-editing-toolbar=\"advanced\">\n\t\t\t\t\tR\u00e9alisation d\u2019une terrasse en bois sur\u00e9lev\u00e9e, int\u00e9gr\u00e9e \u00e0 son environnement.\nUn escalier sur mesure a \u00e9t\u00e9 con\u00e7u afin de faciliter la circulation et structurer l\u2019espace.\nL\u2019ensemble offre un ext\u00e9rieur fonctionnel, durable et pens\u00e9 pour un usage quotidien.\n\t\t\t\t<\/div>\n\t\t\t\t\t\t\t<\/div>\n\t\t<\/div>\n\n\t\t\t\t\t\t<\/div>\n\t\t\t\t<\/div>\n\t\t\t\t<\/div>\n\t\t\t\t<\/div>\n\t\t\t\t\t<\/div>\n\t\t\t\t<\/div>\n\t\t<div class=\"elementor-element elementor-element-65a0aa1 e-flex e-con-boxed e-con e-parent\" data-id=\"65a0aa1\" data-element_type=\"container\">\n\t\t\t\t\t<div class=\"e-con-inner\">\n\t\t<div class=\"elementor-element elementor-element-243086a e-con-full e-flex e-con e-child\" data-id=\"243086a\" data-element_type=\"container\">\n\t\t<div class=\"elementor-element elementor-element-d8d144c e-con-full e-flex e-con e-child\" data-id=\"d8d144c\" data-element_type=\"container\">\n\t\t\t\t<div class=\"elementor-element elementor-element-5a2a99b elementor-widget elementor-widget-hfe-infocard\" data-id=\"5a2a99b\" data-element_type=\"widget\" data-widget_type=\"hfe-infocard.default\">\n\t\t\t\t<div class=\"elementor-widget-container\">\n\t\t\t\t\t\n\t\t<div class=\"hfe-infocard\">\n\t\t\t\t\t\t\t\t\t<div class=\"hfe-infocard-title-wrap\">\n\t\t\t\t<h3 class=\"hfe-infocard-title elementor-inline-editing\" data-elementor-setting-key=\"infocard_title\" data-elementor-inline-editing-toolbar=\"basic\" >Salle de bain \u2014 Estrade, baignoire &amp; douche \u00e0 l\u2019italienne<\/h3>\t\t\t<\/div>\n\t\t\t\t\t\t<div class=\"hfe-infocard-text-wrap\">\n\t\t\t\t<div class=\"hfe-infocard-text elementor-inline-editing\" data-elementor-setting-key=\"infocard_description\" data-elementor-inline-editing-toolbar=\"advanced\">\n\t\t\t\t\tCette salle de bain a \u00e9t\u00e9 structur\u00e9e autour d\u2019une estrade sur\u00e9levant la zone bain.\nElle int\u00e8gre une baignoire et une douche \u00e0 l\u2019italienne, cr\u00e9ant une hi\u00e9rarchie claire des espaces.\nUn projet alliant confort, lisibilit\u00e9 des volumes et qualit\u00e9 d\u2019ex\u00e9cution.\t\t\t\t<\/div>\n\t\t\t\t\t\t\t<\/div>\n\t\t<\/div>\n\n\t\t\t\t\t\t<\/div>\n\t\t\t\t<\/div>\n\t\t\t\t<\/div>\n\t\t<div class=\"elementor-element elementor-element-06f2f48 e-con-full e-flex e-con e-child\" data-id=\"06f2f48\" data-element_type=\"container\">\n\t\t\t\t<div class=\"elementor-element elementor-element-0d4ae38 elementor-widget elementor-widget-image\" data-id=\"0d4ae38\" data-element_type=\"widget\" data-widget_type=\"image.default\">\n\t\t\t\t<div class=\"elementor-widget-container\">\n\t\t\t\t\t\t\t\t\t\t\t\t\t\t\t<img loading=\"lazy\" decoding=\"async\" width=\"768\" height=\"1024\" src=\"https:\/\/www.batboxdesign.com\/wp-content\/uploads\/2026\/02\/salle-de-bain-surelevee-douche-italienne-estrade-768x1024.jpg\" class=\"attachment-large size-large wp-image-2144\" alt=\"salle de bain surelevee douche italienne estrade\" srcset=\"https:\/\/www.batboxdesign.com\/wp-content\/uploads\/2026\/02\/salle-de-bain-surelevee-douche-italienne-estrade-768x1024.jpg 768w, https:\/\/www.batboxdesign.com\/wp-content\/uploads\/2026\/02\/salle-de-bain-surelevee-douche-italienne-estrade-225x300.jpg 225w, https:\/\/www.batboxdesign.com\/wp-content\/uploads\/2026\/02\/salle-de-bain-surelevee-douche-italienne-estrade-1152x1536.jpg 1152w, https:\/\/www.batboxdesign.com\/wp-content\/uploads\/2026\/02\/salle-de-bain-surelevee-douche-italienne-estrade-1536x2048.jpg 1536w, https:\/\/www.batboxdesign.com\/wp-content\/uploads\/2026\/02\/salle-de-bain-surelevee-douche-italienne-estrade-scaled.jpg 1920w\" sizes=\"(max-width: 768px) 100vw, 768px\" title=\"Nos r\u00e9alisations\">\t\t\t\t\t\t\t\t\t\t\t\t\t\t\t<\/div>\n\t\t\t\t<\/div>\n\t\t\t\t<\/div>\n\t\t\t\t<\/div>\n\t\t\t\t\t<\/div>\n\t\t\t\t<\/div>\n\t\t\t\t<\/div>\n\t\t","protected":false},"excerpt":{"rendered":"<p>Nos R\u00e9alisations Salle de bain \u2014 Bois brut &amp; pierre Cette salle de bain a \u00e9t\u00e9 pens\u00e9e autour de mat\u00e9riaux naturels et durables. Le bois brut apporte chaleur et authenticit\u00e9, tandis que la vasque en pierre cr\u00e9e un contraste min\u00e9ral fort. L\u2019ensemble compose un espace \u00e0 la fois fonctionnel et apaisant, o\u00f9 les mati\u00e8res jouent [&hellip;]<\/p>\n","protected":false},"author":1,"featured_media":0,"parent":0,"menu_order":0,"comment_status":"closed","ping_status":"closed","template":"","meta":{"site-sidebar-layout":"no-sidebar","site-content-layout":"page-builder","ast-site-content-layout":"full-width-container","site-content-style":"default","site-sidebar-style":"default","ast-global-header-display":"","ast-banner-title-visibility":"","ast-main-header-display":"","ast-hfb-above-header-display":"","ast-hfb-below-header-display":"","ast-hfb-mobile-header-display":"","site-post-title":"disabled","ast-breadcrumbs-content":"","ast-featured-img":"disabled","footer-sml-layout":"","ast-disable-related-posts":"","theme-transparent-header-meta":"","adv-header-id-meta":"","stick-header-meta":"","header-above-stick-meta":"","header-main-stick-meta":"","header-below-stick-meta":"","astra-migrate-meta-layouts":"set","ast-page-background-enabled":"default","ast-page-background-meta":{"desktop":{"background-color":"var(--ast-global-color-4)","background-image":"","background-repeat":"repeat","background-position":"center center","background-size":"auto","background-attachment":"scroll","background-type":"","background-media":"","overlay-type":"","overlay-color":"","overlay-opacity":"","overlay-gradient":""},"tablet":{"background-color":"","background-image":"","background-repeat":"repeat","background-position":"center center","background-size":"auto","background-attachment":"scroll","background-type":"","background-media":"","overlay-type":"","overlay-color":"","overlay-opacity":"","overlay-gradient":""},"mobile":{"background-color":"","background-image":"","background-repeat":"repeat","background-position":"center center","background-size":"auto","background-attachment":"scroll","background-type":"","background-media":"","overlay-type":"","overlay-color":"","overlay-opacity":"","overlay-gradient":""}},"ast-content-background-meta":{"desktop":{"background-color":"var(--ast-global-color-5)","background-image":"","background-repeat":"repeat","background-position":"center center","background-size":"auto","background-attachment":"scroll","background-type":"","background-media":"","overlay-type":"","overlay-color":"","overlay-opacity":"","overlay-gradient":""},"tablet":{"background-color":"var(--ast-global-color-5)","background-image":"","background-repeat":"repeat","background-position":"center center","background-size":"auto","background-attachment":"scroll","background-type":"","background-media":"","overlay-type":"","overlay-color":"","overlay-opacity":"","overlay-gradient":""},"mobile":{"background-color":"var(--ast-global-color-5)","background-image":"","background-repeat":"repeat","background-position":"center center","background-size":"auto","background-attachment":"scroll","background-type":"","background-media":"","overlay-type":"","overlay-color":"","overlay-opacity":"","overlay-gradient":""}},"footnotes":""},"class_list":["post-1839","page","type-page","status-publish","hentry"],"_links":{"self":[{"href":"https:\/\/www.batboxdesign.com\/index.php?rest_route=\/wp\/v2\/pages\/1839","targetHints":{"allow":["GET"]}}],"collection":[{"href":"https:\/\/www.batboxdesign.com\/index.php?rest_route=\/wp\/v2\/pages"}],"about":[{"href":"https:\/\/www.batboxdesign.com\/index.php?rest_route=\/wp\/v2\/types\/page"}],"author":[{"embeddable":true,"href":"https:\/\/www.batboxdesign.com\/index.php?rest_route=\/wp\/v2\/users\/1"}],"replies":[{"embeddable":true,"href":"https:\/\/www.batboxdesign.com\/index.php?rest_route=%2Fwp%2Fv2%2Fcomments&post=1839"}],"version-history":[{"count":22,"href":"https:\/\/www.batboxdesign.com\/index.php?rest_route=\/wp\/v2\/pages\/1839\/revisions"}],"predecessor-version":[{"id":2167,"href":"https:\/\/www.batboxdesign.com\/index.php?rest_route=\/wp\/v2\/pages\/1839\/revisions\/2167"}],"wp:attachment":[{"href":"https:\/\/www.batboxdesign.com\/index.php?rest_route=%2Fwp%2Fv2%2Fmedia&parent=1839"}],"curies":[{"name":"wp","href":"https:\/\/api.w.org\/{rel}","templated":true}]}}